{"id":4127,"date":"2023-02-02T09:27:01","date_gmt":"2023-02-02T16:27:01","guid":{"rendered":"https:\/\/aor.ca\/?post_type=product&#038;p=4127"},"modified":"2025-11-25T09:11:13","modified_gmt":"2025-11-25T16:11:13","slug":"ortho-bone","status":"publish","type":"product","link":"https:\/\/aor.ca\/fr\/produit\/ortho-bone\/","title":{"rendered":"Ortho Bone\u2122"},"content":{"rendered":"<p>\u2022 Favorise la croissance et la densit\u00e9 osseuses tout en pr\u00e9venant la perte osseuse<br \/>\n\u2022 Calcium provenant du complexe d\u2019hydroxyapatite microcristalline (MCHA), un extrait d\u2019os bovin provenant de b\u00e9tail n\u00e9o-z\u00e9landais nourri au p\u00e2turage et \u00e9lev\u00e9 en plein air, non soumis \u00e0 des antibiotiques de routine ou \u00e0 la rBGH.<br \/>\n\u2022 Un complexe de calcium avec une absorption plus lente du calcium<\/p>\n","protected":false},"excerpt":{"rendered":"<p>Ingr\u00e9dients cl\u00e9s dans le d\u00e9veloppement des os et le maintien de leur sant\u00e9<\/p>\n","protected":false},"featured_media":4180,"comment_status":"open","ping_status":"closed","template":"","meta":{"_acf_changed":false,"om_disable_all_campaigns":false,"site-sidebar-layout":"default","site-content-layout":"default","ast-site-content-layout":"default","site-content-style":"default","site-sidebar-style":"default","ast-global-header-display":"","ast-banner-title-visibility":"","ast-main-header-display":"","ast-hfb-above-header-display":"","ast-hfb-below-header-display":"","ast-hfb-mobile-header-display":"","site-post-title":"","ast-breadcrumbs-content":"","ast-featured-img":"","footer-sml-layout":"","theme-transparent-header-meta":"default","adv-header-id-meta":"","stick-header-meta":"","header-above-stick-meta":"","header-main-stick-meta":"","header-below-stick-meta":"","astra-migrate-meta-layouts":"set","ast-page-background-enabled":"default","ast-page-background-meta":{"desktop":{"background-color":"var(--ast-global-color-4)","background-image":"","background-repeat":"repeat","background-position":"center center","background-size":"auto","background-attachment":"scroll","background-type":"","background-media":"","overlay-type":"","overlay-color":"","overlay-opacity":"","overlay-gradient":""},"tablet":{"background-color":"","background-image":"","background-repeat":"repeat","background-position":"center center","background-size":"auto","background-attachment":"scroll","background-type":"","background-media":"","overlay-type":"","overlay-color":"","overlay-opacity":"","overlay-gradient":""},"mobile":{"background-color":"","background-image":"","background-repeat":"repeat","background-position":"center center","background-size":"auto","background-attachment":"scroll","background-type":"","background-media":"","overlay-type":"","overlay-color":"","overlay-opacity":"","overlay-gradient":""}},"ast-content-background-meta":{"desktop":{"background-color":"var(--ast-global-color-5)","background-image":"","background-repeat":"repeat","background-position":"center center","background-size":"auto","background-attachment":"scroll","background-type":"","background-media":"","overlay-type":"","overlay-color":"","overlay-opacity":"","overlay-gradient":""},"tablet":{"background-color":"var(--ast-global-color-5)","background-image":"","background-repeat":"repeat","background-position":"center center","background-size":"auto","background-attachment":"scroll","background-type":"","background-media":"","overlay-type":"","overlay-color":"","overlay-opacity":"","overlay-gradient":""},"mobile":{"background-color":"var(--ast-global-color-5)","background-image":"","background-repeat":"repeat","background-position":"center center","background-size":"auto","background-attachment":"scroll","background-type":"","background-media":"","overlay-type":"","overlay-color":"","overlay-opacity":"","overlay-gradient":""}},"footnotes":""},"product_brand":[],"product_cat":[500,393,376,57,395,51,69,49],"product_tag":[],"giftcard-category":[],"class_list":{"0":"post-4127","1":"product","2":"type-product","3":"status-publish","4":"has-post-thumbnail","6":"product_cat-bf-sale-fr","7":"product_cat-ingredients-exclusifs","8":"product_cat-nos-favoris","9":"product_cat-nutrition-fondamentale","10":"product_cat-sante-des-femmes","11":"product_cat-squelettique-os-et-muscle","12":"product_cat-tous-les-produits","13":"product_cat-vieillir-en-bonne-sante","14":"pa_amount-300-caps-fr","15":"pa_delivery-capsule-fr","16":"pa_dietary-gluten-free-fr","17":"pa_dietary-non-gmo-fr","18":"pa_series-ultra-fr","19":"desktop-align-left","20":"tablet-align-left","21":"mobile-align-left","23":"first","24":"instock","25":"taxable","26":"shipping-taxable","27":"purchasable","28":"product-type-simple"},"acf":[],"_links":{"self":[{"href":"https:\/\/aor.ca\/fr\/wp-json\/wp\/v2\/product\/4127","targetHints":{"allow":["GET"]}}],"collection":[{"href":"https:\/\/aor.ca\/fr\/wp-json\/wp\/v2\/product"}],"about":[{"href":"https:\/\/aor.ca\/fr\/wp-json\/wp\/v2\/types\/product"}],"replies":[{"embeddable":true,"href":"https:\/\/aor.ca\/fr\/wp-json\/wp\/v2\/comments?post=4127"}],"version-history":[{"count":4,"href":"https:\/\/aor.ca\/fr\/wp-json\/wp\/v2\/product\/4127\/revisions"}],"predecessor-version":[{"id":202979,"href":"https:\/\/aor.ca\/fr\/wp-json\/wp\/v2\/product\/4127\/revisions\/202979"}],"wp:featuredmedia":[{"embeddable":true,"href":"https:\/\/aor.ca\/fr\/wp-json\/wp\/v2\/media\/4180"}],"wp:attachment":[{"href":"https:\/\/aor.ca\/fr\/wp-json\/wp\/v2\/media?parent=4127"}],"wp:term":[{"taxonomy":"product_brand","embeddable":true,"href":"https:\/\/aor.ca\/fr\/wp-json\/wp\/v2\/product_brand?post=4127"},{"taxonomy":"product_cat","embeddable":true,"href":"https:\/\/aor.ca\/fr\/wp-json\/wp\/v2\/product_cat?post=4127"},{"taxonomy":"product_tag","embeddable":true,"href":"https:\/\/aor.ca\/fr\/wp-json\/wp\/v2\/product_tag?post=4127"},{"taxonomy":"giftcard-category","embeddable":true,"href":"https:\/\/aor.ca\/fr\/wp-json\/wp\/v2\/giftcard-category?post=4127"}],"curies":[{"name":"wp","href":"https:\/\/api.w.org\/{rel}","templated":true}]}}