{"id":4887,"date":"2023-03-14T12:36:09","date_gmt":"2023-03-14T18:36:09","guid":{"rendered":"https:\/\/aor.ca\/?post_type=product&#038;p=4887"},"modified":"2026-04-06T15:42:23","modified_gmt":"2026-04-06T21:42:23","slug":"vision-support-ii","status":"publish","type":"product","link":"https:\/\/aor.ca\/fr\/produit\/vision-support-ii\/","title":{"rendered":"Vision Support II\u2122"},"content":{"rendered":"<p>\u2022 M\u00e9lange cibl\u00e9 de vitamines et de plantes pour une sant\u00e9 oculaire optimale<br \/>\n\u2022 Prot\u00e8ge les yeux contre les dommages caus\u00e9s par la lumi\u00e8re UV<br \/>\n\u2022 Prot\u00e8ge contre la d\u00e9g\u00e9n\u00e9rescence maculaire li\u00e9e \u00e0 l\u2019\u00e2ge<br \/>\n\u2022 Syst\u00e8me de distribution \u00e0 base d\u2019huile pour une absorption optimale<\/p>\n","protected":false},"excerpt":{"rendered":"<p>Protection des yeux \u00e0 l\u2019envers<\/p>\n","protected":false},"featured_media":1739,"comment_status":"open","ping_status":"closed","template":"","meta":{"_acf_changed":false,"om_disable_all_campaigns":false,"site-sidebar-layout":"default","site-content-layout":"default","ast-site-content-layout":"default","site-content-style":"default","site-sidebar-style":"default","ast-global-header-display":"","ast-banner-title-visibility":"","ast-main-header-display":"","ast-hfb-above-header-display":"","ast-hfb-below-header-display":"","ast-hfb-mobile-header-display":"","site-post-title":"","ast-breadcrumbs-content":"","ast-featured-img":"","footer-sml-layout":"","theme-transparent-header-meta":"default","adv-header-id-meta":"","stick-header-meta":"","header-above-stick-meta":"","header-main-stick-meta":"","header-below-stick-meta":"","astra-migrate-meta-layouts":"set","ast-page-background-enabled":"default","ast-page-background-meta":{"desktop":{"background-color":"var(--ast-global-color-4)","background-image":"","background-repeat":"repeat","background-position":"center center","background-size":"auto","background-attachment":"scroll","background-type":"","background-media":"","overlay-type":"","overlay-color":"","overlay-opacity":"","overlay-gradient":""},"tablet":{"background-color":"","background-image":"","background-repeat":"repeat","background-position":"center center","background-size":"auto","background-attachment":"scroll","background-type":"","background-media":"","overlay-type":"","overlay-color":"","overlay-opacity":"","overlay-gradient":""},"mobile":{"background-color":"","background-image":"","background-repeat":"repeat","background-position":"center center","background-size":"auto","background-attachment":"scroll","background-type":"","background-media":"","overlay-type":"","overlay-color":"","overlay-opacity":"","overlay-gradient":""}},"ast-content-background-meta":{"desktop":{"background-color":"var(--ast-global-color-5)","background-image":"","background-repeat":"repeat","background-position":"center center","background-size":"auto","background-attachment":"scroll","background-type":"","background-media":"","overlay-type":"","overlay-color":"","overlay-opacity":"","overlay-gradient":""},"tablet":{"background-color":"var(--ast-global-color-5)","background-image":"","background-repeat":"repeat","background-position":"center center","background-size":"auto","background-attachment":"scroll","background-type":"","background-media":"","overlay-type":"","overlay-color":"","overlay-opacity":"","overlay-gradient":""},"mobile":{"background-color":"var(--ast-global-color-5)","background-image":"","background-repeat":"repeat","background-position":"center center","background-size":"auto","background-attachment":"scroll","background-type":"","background-media":"","overlay-type":"","overlay-color":"","overlay-opacity":"","overlay-gradient":""}},"footnotes":""},"product_brand":[],"product_cat":[500,69,56],"product_tag":[],"giftcard-category":[],"class_list":{"0":"post-4887","1":"product","2":"type-product","3":"status-publish","4":"has-post-thumbnail","6":"product_cat-bf-sale-fr","7":"product_cat-tous-les-produits","8":"product_cat-vision-et-yeux","9":"pa_amount-60-caps-fr","10":"pa_delivery-softgel-fr","11":"pa_dietary-gluten-free-fr","12":"pa_series-advanced-fr","13":"desktop-align-left","14":"tablet-align-left","15":"mobile-align-left","17":"first","18":"instock","19":"taxable","20":"shipping-taxable","21":"purchasable","22":"product-type-simple"},"acf":[],"_links":{"self":[{"href":"https:\/\/aor.ca\/fr\/wp-json\/wp\/v2\/product\/4887","targetHints":{"allow":["GET"]}}],"collection":[{"href":"https:\/\/aor.ca\/fr\/wp-json\/wp\/v2\/product"}],"about":[{"href":"https:\/\/aor.ca\/fr\/wp-json\/wp\/v2\/types\/product"}],"replies":[{"embeddable":true,"href":"https:\/\/aor.ca\/fr\/wp-json\/wp\/v2\/comments?post=4887"}],"version-history":[{"count":3,"href":"https:\/\/aor.ca\/fr\/wp-json\/wp\/v2\/product\/4887\/revisions"}],"predecessor-version":[{"id":203357,"href":"https:\/\/aor.ca\/fr\/wp-json\/wp\/v2\/product\/4887\/revisions\/203357"}],"wp:featuredmedia":[{"embeddable":true,"href":"https:\/\/aor.ca\/fr\/wp-json\/wp\/v2\/media\/1739"}],"wp:attachment":[{"href":"https:\/\/aor.ca\/fr\/wp-json\/wp\/v2\/media?parent=4887"}],"wp:term":[{"taxonomy":"product_brand","embeddable":true,"href":"https:\/\/aor.ca\/fr\/wp-json\/wp\/v2\/product_brand?post=4887"},{"taxonomy":"product_cat","embeddable":true,"href":"https:\/\/aor.ca\/fr\/wp-json\/wp\/v2\/product_cat?post=4887"},{"taxonomy":"product_tag","embeddable":true,"href":"https:\/\/aor.ca\/fr\/wp-json\/wp\/v2\/product_tag?post=4887"},{"taxonomy":"giftcard-category","embeddable":true,"href":"https:\/\/aor.ca\/fr\/wp-json\/wp\/v2\/giftcard-category?post=4887"}],"curies":[{"name":"wp","href":"https:\/\/api.w.org\/{rel}","templated":true}]}}