{"id":560,"date":"2023-01-18T14:26:24","date_gmt":"2023-01-18T21:26:24","guid":{"rendered":"https:\/\/aor.ca\/?post_type=product&#038;p=560"},"modified":"2025-11-25T09:06:31","modified_gmt":"2025-11-25T16:06:31","slug":"c-bioflavonoids","status":"publish","type":"product","link":"https:\/\/aor.ca\/fr\/produit\/c-bioflavonoids\/","title":{"rendered":"C + Bioflavonoids"},"content":{"rendered":"<p>\u2022 C+ Bioflavono\u00efdes contient de la vitamine\u00a0C pure avec des bioflavono\u00efdes d\u2019agrumes<br \/>\n\u2022 Propose les m\u00eames quantit\u00e9s de vitamine\u00a0C et de bioflavono\u00efdes que celles produites naturellement<br \/>\n\u2022 Riche en \u00e9riocitrine, hesp\u00e9ridine, n\u00e9oherp\u00e9ridine<br \/>\n\u2022 Les bioflavono\u00efdes et la vitamine\u00a0C sont des antioxydants ph\u00e9noliques qui contribuent au maintien d\u2019une bonne sant\u00e9.<\/p>\n","protected":false},"excerpt":{"rendered":"<p>Vitamine\u00a0C pr\u00e9sentant les bienfaits des bioflavono\u00efdes<\/p>\n","protected":false},"featured_media":202701,"comment_status":"open","ping_status":"closed","template":"","meta":{"_acf_changed":false,"om_disable_all_campaigns":false,"site-sidebar-layout":"default","site-content-layout":"default","ast-site-content-layout":"default","site-content-style":"default","site-sidebar-style":"default","ast-global-header-display":"","ast-banner-title-visibility":"","ast-main-header-display":"","ast-hfb-above-header-display":"","ast-hfb-below-header-display":"","ast-hfb-mobile-header-display":"","site-post-title":"","ast-breadcrumbs-content":"","ast-featured-img":"","footer-sml-layout":"","theme-transparent-header-meta":"default","adv-header-id-meta":"","stick-header-meta":"","header-above-stick-meta":"","header-main-stick-meta":"","header-below-stick-meta":"","astra-migrate-meta-layouts":"set","ast-page-background-enabled":"default","ast-page-background-meta":{"desktop":{"background-color":"var(--ast-global-color-4)","background-image":"","background-repeat":"repeat","background-position":"center center","background-size":"auto","background-attachment":"scroll","background-type":"","background-media":"","overlay-type":"","overlay-color":"","overlay-opacity":"","overlay-gradient":""},"tablet":{"background-color":"","background-image":"","background-repeat":"repeat","background-position":"center center","background-size":"auto","background-attachment":"scroll","background-type":"","background-media":"","overlay-type":"","overlay-color":"","overlay-opacity":"","overlay-gradient":""},"mobile":{"background-color":"","background-image":"","background-repeat":"repeat","background-position":"center center","background-size":"auto","background-attachment":"scroll","background-type":"","background-media":"","overlay-type":"","overlay-color":"","overlay-opacity":"","overlay-gradient":""}},"ast-content-background-meta":{"desktop":{"background-color":"var(--ast-global-color-5)","background-image":"","background-repeat":"repeat","background-position":"center center","background-size":"auto","background-attachment":"scroll","background-type":"","background-media":"","overlay-type":"","overlay-color":"","overlay-opacity":"","overlay-gradient":""},"tablet":{"background-color":"var(--ast-global-color-5)","background-image":"","background-repeat":"repeat","background-position":"center center","background-size":"auto","background-attachment":"scroll","background-type":"","background-media":"","overlay-type":"","overlay-color":"","overlay-opacity":"","overlay-gradient":""},"mobile":{"background-color":"var(--ast-global-color-5)","background-image":"","background-repeat":"repeat","background-position":"center center","background-size":"auto","background-attachment":"scroll","background-type":"","background-media":"","overlay-type":"","overlay-color":"","overlay-opacity":"","overlay-gradient":""}},"footnotes":""},"product_brand":[],"product_cat":[500,60,57,69],"product_tag":[],"giftcard-category":[],"class_list":{"0":"post-560","1":"product","2":"type-product","3":"status-publish","4":"has-post-thumbnail","6":"product_cat-bf-sale-fr","7":"product_cat-immunitaire","8":"product_cat-nutrition-fondamentale","9":"product_cat-tous-les-produits","10":"pa_amount-100-caps-fr","11":"pa_amount-200-caps-fr","12":"pa_delivery-capsule-fr","13":"pa_dietary-gluten-free-fr","14":"pa_dietary-non-gmo-fr","15":"pa_dietary-vegan-fr","16":"pa_series-advanced-fr","17":"desktop-align-left","18":"tablet-align-left","19":"mobile-align-left","21":"first","22":"instock","23":"taxable","24":"shipping-taxable","25":"purchasable","26":"product-type-variable","27":"has-default-attributes"},"acf":[],"_links":{"self":[{"href":"https:\/\/aor.ca\/fr\/wp-json\/wp\/v2\/product\/560","targetHints":{"allow":["GET"]}}],"collection":[{"href":"https:\/\/aor.ca\/fr\/wp-json\/wp\/v2\/product"}],"about":[{"href":"https:\/\/aor.ca\/fr\/wp-json\/wp\/v2\/types\/product"}],"replies":[{"embeddable":true,"href":"https:\/\/aor.ca\/fr\/wp-json\/wp\/v2\/comments?post=560"}],"version-history":[{"count":1,"href":"https:\/\/aor.ca\/fr\/wp-json\/wp\/v2\/product\/560\/revisions"}],"predecessor-version":[{"id":201966,"href":"https:\/\/aor.ca\/fr\/wp-json\/wp\/v2\/product\/560\/revisions\/201966"}],"wp:featuredmedia":[{"embeddable":true,"href":"https:\/\/aor.ca\/fr\/wp-json\/wp\/v2\/media\/202701"}],"wp:attachment":[{"href":"https:\/\/aor.ca\/fr\/wp-json\/wp\/v2\/media?parent=560"}],"wp:term":[{"taxonomy":"product_brand","embeddable":true,"href":"https:\/\/aor.ca\/fr\/wp-json\/wp\/v2\/product_brand?post=560"},{"taxonomy":"product_cat","embeddable":true,"href":"https:\/\/aor.ca\/fr\/wp-json\/wp\/v2\/product_cat?post=560"},{"taxonomy":"product_tag","embeddable":true,"href":"https:\/\/aor.ca\/fr\/wp-json\/wp\/v2\/product_tag?post=560"},{"taxonomy":"giftcard-category","embeddable":true,"href":"https:\/\/aor.ca\/fr\/wp-json\/wp\/v2\/giftcard-category?post=560"}],"curies":[{"name":"wp","href":"https:\/\/api.w.org\/{rel}","templated":true}]}}