{"id":594,"date":"2023-01-19T09:20:23","date_gmt":"2023-01-19T16:20:23","guid":{"rendered":"https:\/\/aor.ca\/?post_type=product&#038;p=594"},"modified":"2025-11-25T09:06:38","modified_gmt":"2025-11-25T16:06:38","slug":"cardio-mag-2-0","status":"publish","type":"product","link":"https:\/\/aor.ca\/fr\/produit\/cardio-mag-2-0\/","title":{"rendered":"Cardio Mag 2.0"},"content":{"rendered":"<p>\u2022 L\u2019acide orotique combin\u00e9 au magn\u00e9sium pour obtenir de l\u2019orotate de magn\u00e9sium pur<br \/>\n\u2022 Soutient certains aspects de la fonction cardiovasculaire tels que la fonction contractile<br \/>\n\u2022 Le magn\u00e9sium et l\u2019acide orotique exercent des effets compl\u00e9mentaires sur les niveaux d\u2019ATP<br \/>\n\u2022 Favorise la biosynth\u00e8se des nucl\u00e9otides pyrimidiques pour l\u2019ADN et l\u2019ARN<br \/>\n\u2022 Contribue au maintien des r\u00e9serves normales de glycog\u00e8ne et de la synth\u00e8se des prot\u00e9ines<\/p>\n","protected":false},"excerpt":{"rendered":"<p>L\u2019orate de magn\u00e9sium soutient la fonction cardiovasculaire en cas de stress<\/p>\n","protected":false},"featured_media":202704,"comment_status":"open","ping_status":"closed","template":"","meta":{"_acf_changed":false,"om_disable_all_campaigns":false,"site-sidebar-layout":"default","site-content-layout":"default","ast-site-content-layout":"default","site-content-style":"default","site-sidebar-style":"default","ast-global-header-display":"","ast-banner-title-visibility":"","ast-main-header-display":"","ast-hfb-above-header-display":"","ast-hfb-below-header-display":"","ast-hfb-mobile-header-display":"","site-post-title":"","ast-breadcrumbs-content":"","ast-featured-img":"","footer-sml-layout":"","theme-transparent-header-meta":"default","adv-header-id-meta":"","stick-header-meta":"","header-above-stick-meta":"","header-main-stick-meta":"","header-below-stick-meta":"","astra-migrate-meta-layouts":"set","ast-page-background-enabled":"default","ast-page-background-meta":{"desktop":{"background-color":"var(--ast-global-color-4)","background-image":"","background-repeat":"repeat","background-position":"center center","background-size":"auto","background-attachment":"scroll","background-type":"","background-media":"","overlay-type":"","overlay-color":"","overlay-opacity":"","overlay-gradient":""},"tablet":{"background-color":"","background-image":"","background-repeat":"repeat","background-position":"center center","background-size":"auto","background-attachment":"scroll","background-type":"","background-media":"","overlay-type":"","overlay-color":"","overlay-opacity":"","overlay-gradient":""},"mobile":{"background-color":"","background-image":"","background-repeat":"repeat","background-position":"center center","background-size":"auto","background-attachment":"scroll","background-type":"","background-media":"","overlay-type":"","overlay-color":"","overlay-opacity":"","overlay-gradient":""}},"ast-content-background-meta":{"desktop":{"background-color":"var(--ast-global-color-5)","background-image":"","background-repeat":"repeat","background-position":"center center","background-size":"auto","background-attachment":"scroll","background-type":"","background-media":"","overlay-type":"","overlay-color":"","overlay-opacity":"","overlay-gradient":""},"tablet":{"background-color":"var(--ast-global-color-5)","background-image":"","background-repeat":"repeat","background-position":"center center","background-size":"auto","background-attachment":"scroll","background-type":"","background-media":"","overlay-type":"","overlay-color":"","overlay-opacity":"","overlay-gradient":""},"mobile":{"background-color":"var(--ast-global-color-5)","background-image":"","background-repeat":"repeat","background-position":"center center","background-size":"auto","background-attachment":"scroll","background-type":"","background-media":"","overlay-type":"","overlay-color":"","overlay-opacity":"","overlay-gradient":""}},"footnotes":""},"product_brand":[],"product_cat":[500,58,375,69],"product_tag":[],"giftcard-category":[],"class_list":{"0":"post-594","1":"product","2":"type-product","3":"status-publish","4":"has-post-thumbnail","6":"product_cat-bf-sale-fr","7":"product_cat-cardiovasculaire","8":"product_cat-exclusif-a-aor-canada","9":"product_cat-tous-les-produits","10":"pa_amount-120-caps-fr","11":"pa_delivery-capsule-fr","12":"pa_dietary-gluten-free-fr","13":"pa_dietary-non-gmo-fr","14":"pa_dietary-vegan-fr","15":"pa_series-premium-fr","16":"desktop-align-left","17":"tablet-align-left","18":"mobile-align-left","20":"first","21":"instock","22":"taxable","23":"shipping-taxable","24":"purchasable","25":"product-type-simple"},"acf":[],"_links":{"self":[{"href":"https:\/\/aor.ca\/fr\/wp-json\/wp\/v2\/product\/594","targetHints":{"allow":["GET"]}}],"collection":[{"href":"https:\/\/aor.ca\/fr\/wp-json\/wp\/v2\/product"}],"about":[{"href":"https:\/\/aor.ca\/fr\/wp-json\/wp\/v2\/types\/product"}],"replies":[{"embeddable":true,"href":"https:\/\/aor.ca\/fr\/wp-json\/wp\/v2\/comments?post=594"}],"version-history":[{"count":2,"href":"https:\/\/aor.ca\/fr\/wp-json\/wp\/v2\/product\/594\/revisions"}],"predecessor-version":[{"id":202095,"href":"https:\/\/aor.ca\/fr\/wp-json\/wp\/v2\/product\/594\/revisions\/202095"}],"wp:featuredmedia":[{"embeddable":true,"href":"https:\/\/aor.ca\/fr\/wp-json\/wp\/v2\/media\/202704"}],"wp:attachment":[{"href":"https:\/\/aor.ca\/fr\/wp-json\/wp\/v2\/media?parent=594"}],"wp:term":[{"taxonomy":"product_brand","embeddable":true,"href":"https:\/\/aor.ca\/fr\/wp-json\/wp\/v2\/product_brand?post=594"},{"taxonomy":"product_cat","embeddable":true,"href":"https:\/\/aor.ca\/fr\/wp-json\/wp\/v2\/product_cat?post=594"},{"taxonomy":"product_tag","embeddable":true,"href":"https:\/\/aor.ca\/fr\/wp-json\/wp\/v2\/product_tag?post=594"},{"taxonomy":"giftcard-category","embeddable":true,"href":"https:\/\/aor.ca\/fr\/wp-json\/wp\/v2\/giftcard-category?post=594"}],"curies":[{"name":"wp","href":"https:\/\/api.w.org\/{rel}","templated":true}]}}