{"id":667,"date":"2023-01-19T14:19:24","date_gmt":"2023-01-19T21:19:24","guid":{"rendered":"https:\/\/aor.ca\/?post_type=product&#038;p=667"},"modified":"2025-11-27T13:44:35","modified_gmt":"2025-11-27T20:44:35","slug":"cold-flu","status":"publish","type":"product","link":"https:\/\/aor.ca\/fr\/produit\/cold-flu\/","title":{"rendered":"Cold &#038; Flu"},"content":{"rendered":"<p>\u2022 Limite les effets des infections des voies respiratoires sup\u00e9rieures<br \/>\n\u2022 Renforce le syst\u00e8me immunitaire<br \/>\n\u2022 \u00a0Aide \u00e0 la production et \u00e0 la r\u00e9paration du tissu conjonctif<\/p>\n","protected":false},"excerpt":{"rendered":"<p>Soulage les sympt\u00f4mes du rhume et de la grippe<\/p>\n","protected":false},"featured_media":202720,"comment_status":"open","ping_status":"closed","template":"","meta":{"_acf_changed":false,"om_disable_all_campaigns":false,"site-sidebar-layout":"default","site-content-layout":"default","ast-site-content-layout":"default","site-content-style":"default","site-sidebar-style":"default","ast-global-header-display":"","ast-banner-title-visibility":"","ast-main-header-display":"","ast-hfb-above-header-display":"","ast-hfb-below-header-display":"","ast-hfb-mobile-header-display":"","site-post-title":"","ast-breadcrumbs-content":"","ast-featured-img":"","footer-sml-layout":"","theme-transparent-header-meta":"default","adv-header-id-meta":"","stick-header-meta":"","header-above-stick-meta":"","header-main-stick-meta":"","header-below-stick-meta":"","astra-migrate-meta-layouts":"set","ast-page-background-enabled":"default","ast-page-background-meta":{"desktop":{"background-color":"var(--ast-global-color-4)","background-image":"","background-repeat":"repeat","background-position":"center center","background-size":"auto","background-attachment":"scroll","background-type":"","background-media":"","overlay-type":"","overlay-color":"","overlay-opacity":"","overlay-gradient":""},"tablet":{"background-color":"","background-image":"","background-repeat":"repeat","background-position":"center center","background-size":"auto","background-attachment":"scroll","background-type":"","background-media":"","overlay-type":"","overlay-color":"","overlay-opacity":"","overlay-gradient":""},"mobile":{"background-color":"","background-image":"","background-repeat":"repeat","background-position":"center center","background-size":"auto","background-attachment":"scroll","background-type":"","background-media":"","overlay-type":"","overlay-color":"","overlay-opacity":"","overlay-gradient":""}},"ast-content-background-meta":{"desktop":{"background-color":"var(--ast-global-color-5)","background-image":"","background-repeat":"repeat","background-position":"center center","background-size":"auto","background-attachment":"scroll","background-type":"","background-media":"","overlay-type":"","overlay-color":"","overlay-opacity":"","overlay-gradient":""},"tablet":{"background-color":"var(--ast-global-color-5)","background-image":"","background-repeat":"repeat","background-position":"center center","background-size":"auto","background-attachment":"scroll","background-type":"","background-media":"","overlay-type":"","overlay-color":"","overlay-opacity":"","overlay-gradient":""},"mobile":{"background-color":"var(--ast-global-color-5)","background-image":"","background-repeat":"repeat","background-position":"center center","background-size":"auto","background-attachment":"scroll","background-type":"","background-media":"","overlay-type":"","overlay-color":"","overlay-opacity":"","overlay-gradient":""}},"footnotes":""},"product_brand":[],"product_cat":[500,60,393,69,71],"product_tag":[],"giftcard-category":[],"class_list":{"0":"post-667","1":"product","2":"type-product","3":"status-publish","4":"has-post-thumbnail","6":"product_cat-bf-sale-fr","7":"product_cat-immunitaire","8":"product_cat-ingredients-exclusifs","9":"product_cat-tous-les-produits","10":"product_cat-vedette","11":"pa_amount-90-caps-fr-2","12":"pa_delivery-capsule-fr","13":"pa_dietary-gluten-free-fr","14":"pa_dietary-non-gmo-fr","15":"pa_dietary-vegan-fr","16":"pa_series-premium-fr","17":"desktop-align-left","18":"tablet-align-left","19":"mobile-align-left","21":"first","22":"instock","23":"taxable","24":"shipping-taxable","25":"purchasable","26":"product-type-simple"},"acf":[],"_links":{"self":[{"href":"https:\/\/aor.ca\/fr\/wp-json\/wp\/v2\/product\/667","targetHints":{"allow":["GET"]}}],"collection":[{"href":"https:\/\/aor.ca\/fr\/wp-json\/wp\/v2\/product"}],"about":[{"href":"https:\/\/aor.ca\/fr\/wp-json\/wp\/v2\/types\/product"}],"replies":[{"embeddable":true,"href":"https:\/\/aor.ca\/fr\/wp-json\/wp\/v2\/comments?post=667"}],"version-history":[{"count":1,"href":"https:\/\/aor.ca\/fr\/wp-json\/wp\/v2\/product\/667\/revisions"}],"predecessor-version":[{"id":202186,"href":"https:\/\/aor.ca\/fr\/wp-json\/wp\/v2\/product\/667\/revisions\/202186"}],"wp:featuredmedia":[{"embeddable":true,"href":"https:\/\/aor.ca\/fr\/wp-json\/wp\/v2\/media\/202720"}],"wp:attachment":[{"href":"https:\/\/aor.ca\/fr\/wp-json\/wp\/v2\/media?parent=667"}],"wp:term":[{"taxonomy":"product_brand","embeddable":true,"href":"https:\/\/aor.ca\/fr\/wp-json\/wp\/v2\/product_brand?post=667"},{"taxonomy":"product_cat","embeddable":true,"href":"https:\/\/aor.ca\/fr\/wp-json\/wp\/v2\/product_cat?post=667"},{"taxonomy":"product_tag","embeddable":true,"href":"https:\/\/aor.ca\/fr\/wp-json\/wp\/v2\/product_tag?post=667"},{"taxonomy":"giftcard-category","embeddable":true,"href":"https:\/\/aor.ca\/fr\/wp-json\/wp\/v2\/giftcard-category?post=667"}],"curies":[{"name":"wp","href":"https:\/\/api.w.org\/{rel}","templated":true}]}}