{"id":687,"date":"2023-01-23T11:21:03","date_gmt":"2023-01-23T18:21:03","guid":{"rendered":"https:\/\/aor.ca\/?post_type=product&#038;p=687"},"modified":"2025-12-18T10:37:14","modified_gmt":"2025-12-18T17:37:14","slug":"glucosamine-chondroitine","status":"publish","type":"product","link":"https:\/\/aor.ca\/fr\/produit\/glucosamine-chondroitine\/","title":{"rendered":"Glucosamine &#038; Chondro\u00eftine"},"content":{"rendered":"<p>\u2022 Deux compos\u00e9s cl\u00e9s pour la sant\u00e9 des articulations dans une seule formule<br \/>\n\u2022 Soulage les douleurs articulaires dues \u00e0 l\u2019arthrose<br \/>\n\u2022 Fournit des doses cliniquement prouv\u00e9es<\/p>\n","protected":false},"excerpt":{"rendered":"<p>Formule exempte de crustac\u00e9s<\/p>\n","protected":false},"featured_media":3214,"comment_status":"open","ping_status":"closed","template":"","meta":{"_acf_changed":false,"om_disable_all_campaigns":false,"site-sidebar-layout":"default","site-content-layout":"default","ast-site-content-layout":"default","site-content-style":"default","site-sidebar-style":"default","ast-global-header-display":"","ast-banner-title-visibility":"","ast-main-header-display":"","ast-hfb-above-header-display":"","ast-hfb-below-header-display":"","ast-hfb-mobile-header-display":"","site-post-title":"","ast-breadcrumbs-content":"","ast-featured-img":"","footer-sml-layout":"","theme-transparent-header-meta":"default","adv-header-id-meta":"","stick-header-meta":"","header-above-stick-meta":"","header-main-stick-meta":"","header-below-stick-meta":"","astra-migrate-meta-layouts":"set","ast-page-background-enabled":"default","ast-page-background-meta":{"desktop":{"background-color":"var(--ast-global-color-4)","background-image":"","background-repeat":"repeat","background-position":"center center","background-size":"auto","background-attachment":"scroll","background-type":"","background-media":"","overlay-type":"","overlay-color":"","overlay-opacity":"","overlay-gradient":""},"tablet":{"background-color":"","background-image":"","background-repeat":"repeat","background-position":"center center","background-size":"auto","background-attachment":"scroll","background-type":"","background-media":"","overlay-type":"","overlay-color":"","overlay-opacity":"","overlay-gradient":""},"mobile":{"background-color":"","background-image":"","background-repeat":"repeat","background-position":"center center","background-size":"auto","background-attachment":"scroll","background-type":"","background-media":"","overlay-type":"","overlay-color":"","overlay-opacity":"","overlay-gradient":""}},"ast-content-background-meta":{"desktop":{"background-color":"var(--ast-global-color-5)","background-image":"","background-repeat":"repeat","background-position":"center center","background-size":"auto","background-attachment":"scroll","background-type":"","background-media":"","overlay-type":"","overlay-color":"","overlay-opacity":"","overlay-gradient":""},"tablet":{"background-color":"var(--ast-global-color-5)","background-image":"","background-repeat":"repeat","background-position":"center center","background-size":"auto","background-attachment":"scroll","background-type":"","background-media":"","overlay-type":"","overlay-color":"","overlay-opacity":"","overlay-gradient":""},"mobile":{"background-color":"var(--ast-global-color-5)","background-image":"","background-repeat":"repeat","background-position":"center center","background-size":"auto","background-attachment":"scroll","background-type":"","background-media":"","overlay-type":"","overlay-color":"","overlay-opacity":"","overlay-gradient":""}},"footnotes":""},"product_brand":[],"product_cat":[500,63,51,69],"product_tag":[],"giftcard-category":[],"class_list":{"0":"post-687","1":"product","2":"type-product","3":"status-publish","4":"has-post-thumbnail","6":"product_cat-bf-sale-fr","7":"product_cat-douleur-et-inflammation","8":"product_cat-squelettique-os-et-muscle","9":"product_cat-tous-les-produits","10":"pa_amount-120-caps-fr","11":"pa_amount-240-caps-fr","12":"pa_delivery-capsule-fr","13":"pa_dietary-gluten-free-fr","14":"pa_dietary-non-gmo-fr","15":"pa_series-premium-fr","16":"desktop-align-left","17":"tablet-align-left","18":"mobile-align-left","20":"first","21":"instock","22":"taxable","23":"shipping-taxable","24":"purchasable","25":"product-type-variable","26":"has-default-attributes"},"acf":[],"_links":{"self":[{"href":"https:\/\/aor.ca\/fr\/wp-json\/wp\/v2\/product\/687","targetHints":{"allow":["GET"]}}],"collection":[{"href":"https:\/\/aor.ca\/fr\/wp-json\/wp\/v2\/product"}],"about":[{"href":"https:\/\/aor.ca\/fr\/wp-json\/wp\/v2\/types\/product"}],"replies":[{"embeddable":true,"href":"https:\/\/aor.ca\/fr\/wp-json\/wp\/v2\/comments?post=687"}],"version-history":[{"count":1,"href":"https:\/\/aor.ca\/fr\/wp-json\/wp\/v2\/product\/687\/revisions"}],"predecessor-version":[{"id":202617,"href":"https:\/\/aor.ca\/fr\/wp-json\/wp\/v2\/product\/687\/revisions\/202617"}],"wp:featuredmedia":[{"embeddable":true,"href":"https:\/\/aor.ca\/fr\/wp-json\/wp\/v2\/media\/3214"}],"wp:attachment":[{"href":"https:\/\/aor.ca\/fr\/wp-json\/wp\/v2\/media?parent=687"}],"wp:term":[{"taxonomy":"product_brand","embeddable":true,"href":"https:\/\/aor.ca\/fr\/wp-json\/wp\/v2\/product_brand?post=687"},{"taxonomy":"product_cat","embeddable":true,"href":"https:\/\/aor.ca\/fr\/wp-json\/wp\/v2\/product_cat?post=687"},{"taxonomy":"product_tag","embeddable":true,"href":"https:\/\/aor.ca\/fr\/wp-json\/wp\/v2\/product_tag?post=687"},{"taxonomy":"giftcard-category","embeddable":true,"href":"https:\/\/aor.ca\/fr\/wp-json\/wp\/v2\/giftcard-category?post=687"}],"curies":[{"name":"wp","href":"https:\/\/api.w.org\/{rel}","templated":true}]}}